{"id":852,"date":"2018-05-25T10:16:43","date_gmt":"2018-05-25T10:16:43","guid":{"rendered":"http:\/\/wecreatedesign.co\/dev\/WP\/campbell\/?page_id=852"},"modified":"2024-03-25T14:16:38","modified_gmt":"2024-03-25T14:16:38","slug":"vendeurs","status":"publish","type":"page","link":"http:\/\/teamcc.ca\/fr\/vendeurs\/","title":{"rendered":"Vendeurs"},"content":{"rendered":"<p>Avec plus de 1 000 transactions dans l\u2019Ouest-de-l\u2019\u00cele, Vaudreuil-Soulanges et le Grand Montr\u00e9al, l\u2019\u00e9quipe Campbell-Cornoni a la connaissance, le savoir-faire et une liste de clients qui vous aideront \u00e0 atteindre vos objectifs de vente selon votre \u00e9ch\u00e9ancier. Chaque membre de notre \u00e9quipe vous guidera dans le processus de vente, du d\u00e9but \u00e0 la fin. Vous pouvez compter sur l\u2019\u00e9quipe CC pour vous accompagner \u00e0 chaque \u00e9tape!<\/p>\n<p>Prenez de l\u2019avance et examinez ces documents importants et pratiques. Vous avez des questions? N\u2019h\u00e9sitez pas \u00e0 nous contacter!<\/p>\n<div class=\"inner-page-form wow fadeInUp\">\n<div class=\"wpcf7 no-js\" id=\"wpcf7-f1206-o1\" lang=\"en-US\" dir=\"ltr\" data-wpcf7-id=\"1206\">\n<div class=\"screen-reader-response\"><p role=\"status\" aria-live=\"polite\" aria-atomic=\"true\"><\/p> <ul><\/ul><\/div>\n<form action=\"\/fr\/wp-json\/wp\/v2\/pages\/852#wpcf7-f1206-o1\" method=\"post\" class=\"wpcf7-form init\" aria-label=\"Contact form\" novalidate=\"novalidate\" data-status=\"init\">\n<fieldset class=\"hidden-fields-container\"><input type=\"hidden\" name=\"_wpcf7\" value=\"1206\" \/><input type=\"hidden\" name=\"_wpcf7_version\" value=\"6.1.5\" \/><input type=\"hidden\" name=\"_wpcf7_locale\" value=\"en_US\" \/><input type=\"hidden\" name=\"_wpcf7_unit_tag\" value=\"wpcf7-f1206-o1\" \/><input type=\"hidden\" name=\"_wpcf7_container_post\" value=\"0\" \/><input type=\"hidden\" name=\"_wpcf7_posted_data_hash\" value=\"\" \/><input type=\"hidden\" name=\"_wpcf7_recaptcha_response\" value=\"\" \/>\n<\/fieldset>\n<div class=\"row ai-default-cf7wrap\">\n    <div class=\"col-lg-6\">\n        <div class=\"aidefcf-subtitle\">\n            <span>Informations de contact<\/span>\n            \n        <\/div>\n        <div class=\"row\">\n            <div class=\"col-6\">\n                <span class=\"wpcf7-form-control-wrap\" data-name=\"first-name\"><input size=\"40\" maxlength=\"400\" class=\"wpcf7-form-control wpcf7-text\" aria-invalid=\"false\" placeholder=\"Pr\u00e9nom *\" value=\"\" type=\"text\" name=\"first-name\" \/><\/span>\n            <\/div>\n            <div class=\"col-6\">\n                <span class=\"wpcf7-form-control-wrap\" data-name=\"last-name\"><input size=\"40\" maxlength=\"400\" class=\"wpcf7-form-control wpcf7-text\" aria-invalid=\"false\" placeholder=\"Nom de famille *\" value=\"\" type=\"text\" name=\"last-name\" \/><\/span>\n            <\/div>\n            <div class=\"col-12\">\n                <span class=\"wpcf7-form-control-wrap\" data-name=\"your-email\"><input size=\"40\" maxlength=\"400\" class=\"wpcf7-form-control wpcf7-email wpcf7-text wpcf7-validates-as-email\" aria-invalid=\"false\" placeholder=\"Courriel *\" value=\"\" type=\"email\" name=\"your-email\" \/><\/span>\n            <\/div>\n            <div class=\"col-12\">\n                <span class=\"wpcf7-form-control-wrap\" data-name=\"your-phone\"><input size=\"40\" maxlength=\"400\" class=\"wpcf7-form-control wpcf7-tel wpcf7-text wpcf7-validates-as-tel\" aria-invalid=\"false\" placeholder=\"T\u00e9l\u00e9phone *\" value=\"\" type=\"tel\" name=\"your-phone\" \/><\/span>\n            <\/div>\n            <div class=\"col-12\">\n                [address your-address class:w-100 placeholder \"Adresse *\"]\n            <\/div>\n        <\/div>\n    <\/div>\n    <div class=\"col-lg-6\">\n        <div class=\"aidefcf-subtitle\"><span>Caract\u00e9ristiques de la maison<\/span><\/div>\n        <div class=\"row\">\n            <div class=\"col-6\">\n                <span class=\"wpcf7-form-control-wrap\" data-name=\"bedrooms\"><input class=\"wpcf7-form-control wpcf7-number wpcf7-validates-as-number\" min=\"1\" max=\"10\" aria-invalid=\"false\" placeholder=\"Chambres \u00e0 coucher *\" value=\"\" type=\"number\" name=\"bedrooms\" \/><\/span>\n            <\/div>\n            <div class=\"col-6\">\n                <span class=\"wpcf7-form-control-wrap\" data-name=\"bathrooms\"><input class=\"wpcf7-form-control wpcf7-number wpcf7-validates-as-number\" min=\"1\" max=\"10\" aria-invalid=\"false\" placeholder=\"Salles de bains *\" value=\"\" type=\"number\" name=\"bathrooms\" \/><\/span>\n            <\/div>\n            <div class=\"col-12 d-none\">\n                <span class=\"wpcf7-form-control-wrap\" data-name=\"footage\"><input class=\"wpcf7-form-control wpcf7-number wpcf7-validates-as-number\" min=\"1\" max=\"10\" aria-invalid=\"false\" placeholder=\"Superficie *\" value=\"\" type=\"number\" name=\"footage\" \/><\/span>\n            <\/div>\n            <div class=\"col-12\">\n                <span class=\"wpcf7-form-control-wrap\" data-name=\"comments\"><textarea cols=\"40\" rows=\"10\" maxlength=\"2000\" class=\"wpcf7-form-control wpcf7-textarea\" aria-invalid=\"false\" placeholder=\"Commentaires suppl\u00e9mentaires\" name=\"comments\"><\/textarea><\/span>\n                <div class=\"inner-page-contactform-submit\">\n                    <span class=\"submit-title\">Soumettre<\/span>\n                    <input class=\"wpcf7-form-control wpcf7-submit has-spinner\" type=\"submit\" value=\"Send\" \/>\n                <\/div>\n            <\/div>\n        <\/div>\n    <\/div>\nLes champs obligatoires sont marqu\u00e9s *\n<\/div><div class=\"wpcf7-response-output\" aria-hidden=\"true\"><\/div>\n<\/form>\n<\/div>\n<\/div>\n<div class=\"btn-group flex-column flex-lg-row w-100 mt-5 justify-content-center\" role=\"group\">\n\t<a class=\"btn mr-3\" href=\"\/fr\/all-listings\/\" rel=\"noopener noreferrer\"> Nos Propri\u00e9t\u00e9s <\/a><br \/>\n\t<a class=\"btn\" href=\"\/fr\/nos-clients-satisfaits\/\" rel=\"noopener noreferrer\"> Clients satisfaits<\/a><\/div>\n","protected":false},"excerpt":{"rendered":"<p>Avec plus de 1 000 transactions dans l\u2019Ouest-de-l\u2019\u00cele, Vaudreuil-Soulanges et le Grand Montr\u00e9al, l\u2019\u00e9quipe Campbell-Cornoni a la connaissance, le savoir-faire et une liste de clients qui vous aideront \u00e0 atteindre vos objectifs de vente selon votre \u00e9ch\u00e9ancier. Chaque membre de notre \u00e9quipe vous guidera dans le processus de vente, du d\u00e9but \u00e0 la fin. Vous [&hellip;]<\/p>\n","protected":false},"author":1,"featured_media":0,"parent":0,"menu_order":98,"comment_status":"closed","ping_status":"closed","template":"template-innerpage.php","meta":{"_acf_changed":false,"footnotes":""},"class_list":["post-852","page","type-page","status-publish","hentry"],"acf":[],"yoast_head":"<!-- This site is optimized with the Yoast SEO plugin v27.4 - https:\/\/yoast.com\/product\/yoast-seo-wordpress\/ -->\n<title>Vendeurs - Team CC Equipe Campbell-Cornoni | Courtiers Immobillier | Royal LePage Village<\/title>\n<meta name=\"robots\" content=\"index, follow, max-snippet:-1, max-image-preview:large, max-video-preview:-1\" \/>\n<link rel=\"canonical\" href=\"http:\/\/teamcc.ca\/fr\/vendeurs\/\" \/>\n<meta property=\"og:locale\" content=\"fr_FR\" \/>\n<meta property=\"og:type\" content=\"article\" \/>\n<meta property=\"og:title\" content=\"Vendeurs - Team CC Equipe Campbell-Cornoni | Courtiers Immobillier | Royal LePage Village\" \/>\n<meta property=\"og:description\" content=\"Avec plus de 1 000 transactions dans l\u2019Ouest-de-l\u2019\u00cele, Vaudreuil-Soulanges et le Grand Montr\u00e9al, l\u2019\u00e9quipe Campbell-Cornoni a la connaissance, le savoir-faire et une liste de clients qui vous aideront \u00e0 atteindre vos objectifs de vente selon votre \u00e9ch\u00e9ancier. Chaque membre de notre \u00e9quipe vous guidera dans le processus de vente, du d\u00e9but \u00e0 la fin. Vous [&hellip;]\" \/>\n<meta property=\"og:url\" content=\"http:\/\/teamcc.ca\/fr\/vendeurs\/\" \/>\n<meta property=\"og:site_name\" content=\"Team CC\" \/>\n<meta property=\"article:publisher\" content=\"https:\/\/www.facebook.com\/EquipeTeamCC\/\" \/>\n<meta property=\"article:modified_time\" content=\"2024-03-25T14:16:38+00:00\" \/>\n<meta property=\"og:image\" content=\"http:\/\/teamcc.ca\/wp-content\/uploads\/2020\/03\/og.png\" \/>\n\t<meta property=\"og:image:width\" content=\"1920\" \/>\n\t<meta property=\"og:image:height\" content=\"1080\" \/>\n\t<meta property=\"og:image:type\" content=\"image\/png\" \/>\n<meta name=\"twitter:card\" content=\"summary_large_image\" \/>\n<meta name=\"twitter:label1\" content=\"Dur\u00e9e de lecture estim\u00e9e\" \/>\n\t<meta name=\"twitter:data1\" content=\"1 minute\" \/>\n<script type=\"application\/ld+json\" class=\"yoast-schema-graph\">{\"@context\":\"https:\\\/\\\/schema.org\",\"@graph\":[{\"@type\":\"WebPage\",\"@id\":\"http:\\\/\\\/teamcc.ca\\\/fr\\\/vendeurs\\\/\",\"url\":\"http:\\\/\\\/teamcc.ca\\\/fr\\\/vendeurs\\\/\",\"name\":\"Vendeurs - Team CC Equipe Campbell-Cornoni | Courtiers Immobillier | Royal LePage Village\",\"isPartOf\":{\"@id\":\"http:\\\/\\\/teamcc.ca\\\/fr\\\/#website\"},\"datePublished\":\"2018-05-25T10:16:43+00:00\",\"dateModified\":\"2024-03-25T14:16:38+00:00\",\"breadcrumb\":{\"@id\":\"http:\\\/\\\/teamcc.ca\\\/fr\\\/vendeurs\\\/#breadcrumb\"},\"inLanguage\":\"fr-FR\",\"potentialAction\":[{\"@type\":\"ReadAction\",\"target\":[\"http:\\\/\\\/teamcc.ca\\\/fr\\\/vendeurs\\\/\"]}]},{\"@type\":\"BreadcrumbList\",\"@id\":\"http:\\\/\\\/teamcc.ca\\\/fr\\\/vendeurs\\\/#breadcrumb\",\"itemListElement\":[{\"@type\":\"ListItem\",\"position\":1,\"name\":\"Home\",\"item\":\"http:\\\/\\\/teamcc.ca\\\/fr\\\/\"},{\"@type\":\"ListItem\",\"position\":2,\"name\":\"Vendeurs\"}]},{\"@type\":\"WebSite\",\"@id\":\"http:\\\/\\\/teamcc.ca\\\/fr\\\/#website\",\"url\":\"http:\\\/\\\/teamcc.ca\\\/fr\\\/\",\"name\":\"Team CC\",\"description\":\"\",\"publisher\":{\"@id\":\"http:\\\/\\\/teamcc.ca\\\/fr\\\/#organization\"},\"potentialAction\":[{\"@type\":\"SearchAction\",\"target\":{\"@type\":\"EntryPoint\",\"urlTemplate\":\"http:\\\/\\\/teamcc.ca\\\/fr\\\/?s={search_term_string}\"},\"query-input\":{\"@type\":\"PropertyValueSpecification\",\"valueRequired\":true,\"valueName\":\"search_term_string\"}}],\"inLanguage\":\"fr-FR\"},{\"@type\":\"Organization\",\"@id\":\"http:\\\/\\\/teamcc.ca\\\/fr\\\/#organization\",\"name\":\"Team CC\",\"url\":\"http:\\\/\\\/teamcc.ca\\\/fr\\\/\",\"logo\":{\"@type\":\"ImageObject\",\"inLanguage\":\"fr-FR\",\"@id\":\"http:\\\/\\\/teamcc.ca\\\/fr\\\/#\\\/schema\\\/logo\\\/image\\\/\",\"url\":\"http:\\\/\\\/teamcc.ca\\\/wp-content\\\/uploads\\\/2021\\\/01\\\/CC-realty_logo_White_clean-e1611005374794.png\",\"contentUrl\":\"http:\\\/\\\/teamcc.ca\\\/wp-content\\\/uploads\\\/2021\\\/01\\\/CC-realty_logo_White_clean-e1611005374794.png\",\"width\":732,\"height\":737,\"caption\":\"Team CC\"},\"image\":{\"@id\":\"http:\\\/\\\/teamcc.ca\\\/fr\\\/#\\\/schema\\\/logo\\\/image\\\/\"},\"sameAs\":[\"https:\\\/\\\/www.facebook.com\\\/EquipeTeamCC\\\/\",\"https:\\\/\\\/www.instagram.com\\\/equipe_team_cc\\\/\"]}]}<\/script>\n<!-- \/ Yoast SEO plugin. -->","yoast_head_json":{"title":"Vendeurs - Team CC Equipe Campbell-Cornoni | Courtiers Immobillier | Royal LePage Village","robots":{"index":"index","follow":"follow","max-snippet":"max-snippet:-1","max-image-preview":"max-image-preview:large","max-video-preview":"max-video-preview:-1"},"canonical":"http:\/\/teamcc.ca\/fr\/vendeurs\/","og_locale":"fr_FR","og_type":"article","og_title":"Vendeurs - Team CC Equipe Campbell-Cornoni | Courtiers Immobillier | Royal LePage Village","og_description":"Avec plus de 1 000 transactions dans l\u2019Ouest-de-l\u2019\u00cele, Vaudreuil-Soulanges et le Grand Montr\u00e9al, l\u2019\u00e9quipe Campbell-Cornoni a la connaissance, le savoir-faire et une liste de clients qui vous aideront \u00e0 atteindre vos objectifs de vente selon votre \u00e9ch\u00e9ancier. Chaque membre de notre \u00e9quipe vous guidera dans le processus de vente, du d\u00e9but \u00e0 la fin. Vous [&hellip;]","og_url":"http:\/\/teamcc.ca\/fr\/vendeurs\/","og_site_name":"Team CC","article_publisher":"https:\/\/www.facebook.com\/EquipeTeamCC\/","article_modified_time":"2024-03-25T14:16:38+00:00","og_image":[{"width":1920,"height":1080,"url":"http:\/\/teamcc.ca\/wp-content\/uploads\/2020\/03\/og.png","type":"image\/png"}],"twitter_card":"summary_large_image","twitter_misc":{"Dur\u00e9e de lecture estim\u00e9e":"1 minute"},"schema":{"@context":"https:\/\/schema.org","@graph":[{"@type":"WebPage","@id":"http:\/\/teamcc.ca\/fr\/vendeurs\/","url":"http:\/\/teamcc.ca\/fr\/vendeurs\/","name":"Vendeurs - Team CC Equipe Campbell-Cornoni | Courtiers Immobillier | Royal LePage Village","isPartOf":{"@id":"http:\/\/teamcc.ca\/fr\/#website"},"datePublished":"2018-05-25T10:16:43+00:00","dateModified":"2024-03-25T14:16:38+00:00","breadcrumb":{"@id":"http:\/\/teamcc.ca\/fr\/vendeurs\/#breadcrumb"},"inLanguage":"fr-FR","potentialAction":[{"@type":"ReadAction","target":["http:\/\/teamcc.ca\/fr\/vendeurs\/"]}]},{"@type":"BreadcrumbList","@id":"http:\/\/teamcc.ca\/fr\/vendeurs\/#breadcrumb","itemListElement":[{"@type":"ListItem","position":1,"name":"Home","item":"http:\/\/teamcc.ca\/fr\/"},{"@type":"ListItem","position":2,"name":"Vendeurs"}]},{"@type":"WebSite","@id":"http:\/\/teamcc.ca\/fr\/#website","url":"http:\/\/teamcc.ca\/fr\/","name":"Team CC","description":"","publisher":{"@id":"http:\/\/teamcc.ca\/fr\/#organization"},"potentialAction":[{"@type":"SearchAction","target":{"@type":"EntryPoint","urlTemplate":"http:\/\/teamcc.ca\/fr\/?s={search_term_string}"},"query-input":{"@type":"PropertyValueSpecification","valueRequired":true,"valueName":"search_term_string"}}],"inLanguage":"fr-FR"},{"@type":"Organization","@id":"http:\/\/teamcc.ca\/fr\/#organization","name":"Team CC","url":"http:\/\/teamcc.ca\/fr\/","logo":{"@type":"ImageObject","inLanguage":"fr-FR","@id":"http:\/\/teamcc.ca\/fr\/#\/schema\/logo\/image\/","url":"http:\/\/teamcc.ca\/wp-content\/uploads\/2021\/01\/CC-realty_logo_White_clean-e1611005374794.png","contentUrl":"http:\/\/teamcc.ca\/wp-content\/uploads\/2021\/01\/CC-realty_logo_White_clean-e1611005374794.png","width":732,"height":737,"caption":"Team CC"},"image":{"@id":"http:\/\/teamcc.ca\/fr\/#\/schema\/logo\/image\/"},"sameAs":["https:\/\/www.facebook.com\/EquipeTeamCC\/","https:\/\/www.instagram.com\/equipe_team_cc\/"]}]}},"_links":{"self":[{"href":"http:\/\/teamcc.ca\/fr\/wp-json\/wp\/v2\/pages\/852","targetHints":{"allow":["GET"]}}],"collection":[{"href":"http:\/\/teamcc.ca\/fr\/wp-json\/wp\/v2\/pages"}],"about":[{"href":"http:\/\/teamcc.ca\/fr\/wp-json\/wp\/v2\/types\/page"}],"author":[{"embeddable":true,"href":"http:\/\/teamcc.ca\/fr\/wp-json\/wp\/v2\/users\/1"}],"replies":[{"embeddable":true,"href":"http:\/\/teamcc.ca\/fr\/wp-json\/wp\/v2\/comments?post=852"}],"version-history":[{"count":19,"href":"http:\/\/teamcc.ca\/fr\/wp-json\/wp\/v2\/pages\/852\/revisions"}],"predecessor-version":[{"id":2443,"href":"http:\/\/teamcc.ca\/fr\/wp-json\/wp\/v2\/pages\/852\/revisions\/2443"}],"wp:attachment":[{"href":"http:\/\/teamcc.ca\/fr\/wp-json\/wp\/v2\/media?parent=852"}],"curies":[{"name":"wp","href":"https:\/\/api.w.org\/{rel}","templated":true}]}}