{"id":848,"date":"2018-05-25T10:16:19","date_gmt":"2018-05-25T10:16:19","guid":{"rendered":"http:\/\/wecreatedesign.co\/dev\/WP\/campbell\/?page_id=848"},"modified":"2024-01-29T15:26:25","modified_gmt":"2024-01-29T15:26:25","slug":"protection-royale","status":"publish","type":"page","link":"http:\/\/teamcc.ca\/fr\/protection-royale\/","title":{"rendered":"Protection Royale"},"content":{"rendered":"<p>La Protection Royale est un programme d\u2019assurance* unique con\u00e7u pour soutenir les clients qui effectuent des transactions immobili\u00e8res r\u00e9sidentielles par l\u2019entremise d\u2019un courtier immobilier Royal LePage participant.<\/p>\n<p>Votre protection contre les:<\/p>\n<ul style=\"margin-left:15px;\">\n<li style=\"padding:5px 0px;\">Vice cach\u00e9<\/li>\n<li style=\"padding:5px 0px;\">D\u00e9lais et d\u00e9sistement<\/li>\n<li style=\"padding:5px 0px;\">Cotisations sp\u00e9ciales en copropri\u00e9t\u00e9<\/li>\n<li style=\"padding:5px 0px;\">Assistance juridique<\/li>\n<\/ul>\n<p>La Protection Royale met \u00e0 votre disposition un service d\u2019assistance juridique\u2020et vous fait profiter d\u2019une \u00e9quipe d\u2019avocats sp\u00e9cialis\u00e9s en droit immobilier afin de vous conseiller dans vos d\u00e9marches et r\u00e9pondre \u00e0 vos questions en mati\u00e8re de litige. Qu\u2019il s\u2019agisse d\u2019un diff\u00e9rend entre voisins ou de questions relatives \u00e0 un vice cach\u00e9, ce service vous permet de vous renseigner sur vos droits et d\u2019entamer les proc\u00e9dures ad\u00e9quates.<\/p>\n<div class=\"row\">\n<div class=\"col-lg-10\">\n<p>Communiquez avec votre courtier participant aujourd\u2019hui pour plus d\u2019information ou consultez la <a href=\"http:\/\/docs.rlpnetwork.com\/rlp.ca\/protectionroyale\/ProtectionRoyale_brochure_FR.pdf\" target=\"_blank\" rel=\"noopener\">brochure du programme<\/a>.<\/a>.<\/p>\n<\/div>\n<div class=\"col-lg-2\">\n<p><a href=\"https:\/\/www.royallepage.ca\/en\/realestate\/protection-royale\/\" target=\"_blank\" rel=\"noopener\"><img loading=\"lazy\" decoding=\"async\" width=\"375\" height=\"264\" src=\"https:\/\/teamcc.ca\/wp-content\/uploads\/2018\/04\/royal-lepage-village-protection-royale-english-reverse.png\" alt=\"\" class=\"alignnone size-full wp-image-457\" srcset=\"http:\/\/teamcc.ca\/wp-content\/uploads\/2018\/04\/royal-lepage-village-protection-royale-english-reverse.png 375w, http:\/\/teamcc.ca\/wp-content\/uploads\/2018\/04\/royal-lepage-village-protection-royale-english-reverse-300x211.png 300w\" sizes=\"auto, (max-width: 375px) 100vw, 375px\" \/><\/a><\/p>\n<\/div>\n<div class=\"col-lg-12\">\n<a href=\"https:\/\/www.royallepage.ca\/fr\/immobilier\/protection-royale\/\" class=\"btn-black\" target=\"_blank\" rel=\"noopener\">En Savoir Plus<\/a>\n<\/div>\n<\/div>\n","protected":false},"excerpt":{"rendered":"<p>La Protection Royale est un programme d\u2019assurance* unique con\u00e7u pour soutenir les clients qui effectuent des transactions immobili\u00e8res r\u00e9sidentielles par l\u2019entremise d\u2019un courtier immobilier Royal LePage participant. Votre protection contre les: Vice cach\u00e9 D\u00e9lais et d\u00e9sistement Cotisations sp\u00e9ciales en copropri\u00e9t\u00e9 Assistance juridique La Protection Royale met \u00e0 votre disposition un service d\u2019assistance juridique\u2020et vous fait [&hellip;]<\/p>\n","protected":false},"author":1,"featured_media":0,"parent":0,"menu_order":64,"comment_status":"closed","ping_status":"closed","template":"template-innerpage.php","meta":{"_acf_changed":false,"footnotes":""},"class_list":["post-848","page","type-page","status-publish","hentry"],"acf":[],"yoast_head":"<!-- This site is optimized with the Yoast SEO plugin v27.4 - https:\/\/yoast.com\/product\/yoast-seo-wordpress\/ -->\n<title>Protection Royale - Team CC Equipe Campbell-Cornoni | Courtiers Immobillier | Royal LePage Village<\/title>\n<meta name=\"robots\" content=\"index, follow, max-snippet:-1, max-image-preview:large, max-video-preview:-1\" \/>\n<link rel=\"canonical\" href=\"http:\/\/teamcc.ca\/fr\/protection-royale\/\" \/>\n<meta property=\"og:locale\" content=\"fr_FR\" \/>\n<meta property=\"og:type\" content=\"article\" \/>\n<meta property=\"og:title\" content=\"Protection Royale - Team CC Equipe Campbell-Cornoni | Courtiers Immobillier | Royal LePage Village\" \/>\n<meta property=\"og:description\" content=\"La Protection Royale est un programme d\u2019assurance* unique con\u00e7u pour soutenir les clients qui effectuent des transactions immobili\u00e8res r\u00e9sidentielles par l\u2019entremise d\u2019un courtier immobilier Royal LePage participant. Votre protection contre les: Vice cach\u00e9 D\u00e9lais et d\u00e9sistement Cotisations sp\u00e9ciales en copropri\u00e9t\u00e9 Assistance juridique La Protection Royale met \u00e0 votre disposition un service d\u2019assistance juridique\u2020et vous fait [&hellip;]\" \/>\n<meta property=\"og:url\" content=\"http:\/\/teamcc.ca\/fr\/protection-royale\/\" \/>\n<meta property=\"og:site_name\" content=\"Team CC\" \/>\n<meta property=\"article:publisher\" content=\"https:\/\/www.facebook.com\/EquipeTeamCC\/\" \/>\n<meta property=\"article:modified_time\" content=\"2024-01-29T15:26:25+00:00\" \/>\n<meta property=\"og:image\" content=\"https:\/\/teamcc.ca\/wp-content\/uploads\/2018\/04\/royal-lepage-village-protection-royale-english-reverse.png\" \/>\n<meta name=\"twitter:card\" content=\"summary_large_image\" \/>\n<meta name=\"twitter:label1\" content=\"Dur\u00e9e de lecture estim\u00e9e\" \/>\n\t<meta name=\"twitter:data1\" content=\"1 minute\" \/>\n<script type=\"application\/ld+json\" class=\"yoast-schema-graph\">{\"@context\":\"https:\\\/\\\/schema.org\",\"@graph\":[{\"@type\":\"WebPage\",\"@id\":\"http:\\\/\\\/teamcc.ca\\\/fr\\\/protection-royale\\\/\",\"url\":\"http:\\\/\\\/teamcc.ca\\\/fr\\\/protection-royale\\\/\",\"name\":\"Protection Royale - Team CC Equipe Campbell-Cornoni | Courtiers Immobillier | Royal LePage Village\",\"isPartOf\":{\"@id\":\"http:\\\/\\\/teamcc.ca\\\/fr\\\/#website\"},\"primaryImageOfPage\":{\"@id\":\"http:\\\/\\\/teamcc.ca\\\/fr\\\/protection-royale\\\/#primaryimage\"},\"image\":{\"@id\":\"http:\\\/\\\/teamcc.ca\\\/fr\\\/protection-royale\\\/#primaryimage\"},\"thumbnailUrl\":\"https:\\\/\\\/teamcc.ca\\\/wp-content\\\/uploads\\\/2018\\\/04\\\/royal-lepage-village-protection-royale-english-reverse.png\",\"datePublished\":\"2018-05-25T10:16:19+00:00\",\"dateModified\":\"2024-01-29T15:26:25+00:00\",\"breadcrumb\":{\"@id\":\"http:\\\/\\\/teamcc.ca\\\/fr\\\/protection-royale\\\/#breadcrumb\"},\"inLanguage\":\"fr-FR\",\"potentialAction\":[{\"@type\":\"ReadAction\",\"target\":[\"http:\\\/\\\/teamcc.ca\\\/fr\\\/protection-royale\\\/\"]}]},{\"@type\":\"ImageObject\",\"inLanguage\":\"fr-FR\",\"@id\":\"http:\\\/\\\/teamcc.ca\\\/fr\\\/protection-royale\\\/#primaryimage\",\"url\":\"https:\\\/\\\/teamcc.ca\\\/wp-content\\\/uploads\\\/2018\\\/04\\\/royal-lepage-village-protection-royale-english-reverse.png\",\"contentUrl\":\"https:\\\/\\\/teamcc.ca\\\/wp-content\\\/uploads\\\/2018\\\/04\\\/royal-lepage-village-protection-royale-english-reverse.png\"},{\"@type\":\"BreadcrumbList\",\"@id\":\"http:\\\/\\\/teamcc.ca\\\/fr\\\/protection-royale\\\/#breadcrumb\",\"itemListElement\":[{\"@type\":\"ListItem\",\"position\":1,\"name\":\"Home\",\"item\":\"http:\\\/\\\/teamcc.ca\\\/fr\\\/\"},{\"@type\":\"ListItem\",\"position\":2,\"name\":\"Protection Royale\"}]},{\"@type\":\"WebSite\",\"@id\":\"http:\\\/\\\/teamcc.ca\\\/fr\\\/#website\",\"url\":\"http:\\\/\\\/teamcc.ca\\\/fr\\\/\",\"name\":\"Team CC\",\"description\":\"\",\"publisher\":{\"@id\":\"http:\\\/\\\/teamcc.ca\\\/fr\\\/#organization\"},\"potentialAction\":[{\"@type\":\"SearchAction\",\"target\":{\"@type\":\"EntryPoint\",\"urlTemplate\":\"http:\\\/\\\/teamcc.ca\\\/fr\\\/?s={search_term_string}\"},\"query-input\":{\"@type\":\"PropertyValueSpecification\",\"valueRequired\":true,\"valueName\":\"search_term_string\"}}],\"inLanguage\":\"fr-FR\"},{\"@type\":\"Organization\",\"@id\":\"http:\\\/\\\/teamcc.ca\\\/fr\\\/#organization\",\"name\":\"Team CC\",\"url\":\"http:\\\/\\\/teamcc.ca\\\/fr\\\/\",\"logo\":{\"@type\":\"ImageObject\",\"inLanguage\":\"fr-FR\",\"@id\":\"http:\\\/\\\/teamcc.ca\\\/fr\\\/#\\\/schema\\\/logo\\\/image\\\/\",\"url\":\"http:\\\/\\\/teamcc.ca\\\/wp-content\\\/uploads\\\/2021\\\/01\\\/CC-realty_logo_White_clean-e1611005374794.png\",\"contentUrl\":\"http:\\\/\\\/teamcc.ca\\\/wp-content\\\/uploads\\\/2021\\\/01\\\/CC-realty_logo_White_clean-e1611005374794.png\",\"width\":732,\"height\":737,\"caption\":\"Team CC\"},\"image\":{\"@id\":\"http:\\\/\\\/teamcc.ca\\\/fr\\\/#\\\/schema\\\/logo\\\/image\\\/\"},\"sameAs\":[\"https:\\\/\\\/www.facebook.com\\\/EquipeTeamCC\\\/\",\"https:\\\/\\\/www.instagram.com\\\/equipe_team_cc\\\/\"]}]}<\/script>\n<!-- \/ Yoast SEO plugin. -->","yoast_head_json":{"title":"Protection Royale - Team CC Equipe Campbell-Cornoni | Courtiers Immobillier | Royal LePage Village","robots":{"index":"index","follow":"follow","max-snippet":"max-snippet:-1","max-image-preview":"max-image-preview:large","max-video-preview":"max-video-preview:-1"},"canonical":"http:\/\/teamcc.ca\/fr\/protection-royale\/","og_locale":"fr_FR","og_type":"article","og_title":"Protection Royale - Team CC Equipe Campbell-Cornoni | Courtiers Immobillier | Royal LePage Village","og_description":"La Protection Royale est un programme d\u2019assurance* unique con\u00e7u pour soutenir les clients qui effectuent des transactions immobili\u00e8res r\u00e9sidentielles par l\u2019entremise d\u2019un courtier immobilier Royal LePage participant. Votre protection contre les: Vice cach\u00e9 D\u00e9lais et d\u00e9sistement Cotisations sp\u00e9ciales en copropri\u00e9t\u00e9 Assistance juridique La Protection Royale met \u00e0 votre disposition un service d\u2019assistance juridique\u2020et vous fait [&hellip;]","og_url":"http:\/\/teamcc.ca\/fr\/protection-royale\/","og_site_name":"Team CC","article_publisher":"https:\/\/www.facebook.com\/EquipeTeamCC\/","article_modified_time":"2024-01-29T15:26:25+00:00","og_image":[{"url":"https:\/\/teamcc.ca\/wp-content\/uploads\/2018\/04\/royal-lepage-village-protection-royale-english-reverse.png","type":"","width":"","height":""}],"twitter_card":"summary_large_image","twitter_misc":{"Dur\u00e9e de lecture estim\u00e9e":"1 minute"},"schema":{"@context":"https:\/\/schema.org","@graph":[{"@type":"WebPage","@id":"http:\/\/teamcc.ca\/fr\/protection-royale\/","url":"http:\/\/teamcc.ca\/fr\/protection-royale\/","name":"Protection Royale - Team CC Equipe Campbell-Cornoni | Courtiers Immobillier | Royal LePage Village","isPartOf":{"@id":"http:\/\/teamcc.ca\/fr\/#website"},"primaryImageOfPage":{"@id":"http:\/\/teamcc.ca\/fr\/protection-royale\/#primaryimage"},"image":{"@id":"http:\/\/teamcc.ca\/fr\/protection-royale\/#primaryimage"},"thumbnailUrl":"https:\/\/teamcc.ca\/wp-content\/uploads\/2018\/04\/royal-lepage-village-protection-royale-english-reverse.png","datePublished":"2018-05-25T10:16:19+00:00","dateModified":"2024-01-29T15:26:25+00:00","breadcrumb":{"@id":"http:\/\/teamcc.ca\/fr\/protection-royale\/#breadcrumb"},"inLanguage":"fr-FR","potentialAction":[{"@type":"ReadAction","target":["http:\/\/teamcc.ca\/fr\/protection-royale\/"]}]},{"@type":"ImageObject","inLanguage":"fr-FR","@id":"http:\/\/teamcc.ca\/fr\/protection-royale\/#primaryimage","url":"https:\/\/teamcc.ca\/wp-content\/uploads\/2018\/04\/royal-lepage-village-protection-royale-english-reverse.png","contentUrl":"https:\/\/teamcc.ca\/wp-content\/uploads\/2018\/04\/royal-lepage-village-protection-royale-english-reverse.png"},{"@type":"BreadcrumbList","@id":"http:\/\/teamcc.ca\/fr\/protection-royale\/#breadcrumb","itemListElement":[{"@type":"ListItem","position":1,"name":"Home","item":"http:\/\/teamcc.ca\/fr\/"},{"@type":"ListItem","position":2,"name":"Protection Royale"}]},{"@type":"WebSite","@id":"http:\/\/teamcc.ca\/fr\/#website","url":"http:\/\/teamcc.ca\/fr\/","name":"Team CC","description":"","publisher":{"@id":"http:\/\/teamcc.ca\/fr\/#organization"},"potentialAction":[{"@type":"SearchAction","target":{"@type":"EntryPoint","urlTemplate":"http:\/\/teamcc.ca\/fr\/?s={search_term_string}"},"query-input":{"@type":"PropertyValueSpecification","valueRequired":true,"valueName":"search_term_string"}}],"inLanguage":"fr-FR"},{"@type":"Organization","@id":"http:\/\/teamcc.ca\/fr\/#organization","name":"Team CC","url":"http:\/\/teamcc.ca\/fr\/","logo":{"@type":"ImageObject","inLanguage":"fr-FR","@id":"http:\/\/teamcc.ca\/fr\/#\/schema\/logo\/image\/","url":"http:\/\/teamcc.ca\/wp-content\/uploads\/2021\/01\/CC-realty_logo_White_clean-e1611005374794.png","contentUrl":"http:\/\/teamcc.ca\/wp-content\/uploads\/2021\/01\/CC-realty_logo_White_clean-e1611005374794.png","width":732,"height":737,"caption":"Team CC"},"image":{"@id":"http:\/\/teamcc.ca\/fr\/#\/schema\/logo\/image\/"},"sameAs":["https:\/\/www.facebook.com\/EquipeTeamCC\/","https:\/\/www.instagram.com\/equipe_team_cc\/"]}]}},"_links":{"self":[{"href":"http:\/\/teamcc.ca\/fr\/wp-json\/wp\/v2\/pages\/848","targetHints":{"allow":["GET"]}}],"collection":[{"href":"http:\/\/teamcc.ca\/fr\/wp-json\/wp\/v2\/pages"}],"about":[{"href":"http:\/\/teamcc.ca\/fr\/wp-json\/wp\/v2\/types\/page"}],"author":[{"embeddable":true,"href":"http:\/\/teamcc.ca\/fr\/wp-json\/wp\/v2\/users\/1"}],"replies":[{"embeddable":true,"href":"http:\/\/teamcc.ca\/fr\/wp-json\/wp\/v2\/comments?post=848"}],"version-history":[{"count":23,"href":"http:\/\/teamcc.ca\/fr\/wp-json\/wp\/v2\/pages\/848\/revisions"}],"predecessor-version":[{"id":2431,"href":"http:\/\/teamcc.ca\/fr\/wp-json\/wp\/v2\/pages\/848\/revisions\/2431"}],"wp:attachment":[{"href":"http:\/\/teamcc.ca\/fr\/wp-json\/wp\/v2\/media?parent=848"}],"curies":[{"name":"wp","href":"https:\/\/api.w.org\/{rel}","templated":true}]}}