{"id":818,"date":"2018-05-25T10:09:10","date_gmt":"2018-05-25T10:09:10","guid":{"rendered":"http:\/\/wecreatedesign.co\/dev\/WP\/campbell\/?page_id=818"},"modified":"2020-05-15T18:16:19","modified_gmt":"2020-05-15T18:16:19","slug":"notre-mission","status":"publish","type":"page","link":"http:\/\/teamcc.ca\/fr\/notre-mission\/","title":{"rendered":"Notre Mission"},"content":{"rendered":"<p>\u00c9quipe Campbell-Cornoni est une \u00e9quipe immobili\u00e8re offrant des services complets et compos\u00e9e de professionnels de l\u2019immobilier de divers horizons et chacun ayant ses propres forces. Nous sommes fiers d&rsquo;\u00eatre une \u00e9quipe v\u00e9ritablement \u00e0 service complet, capable de r\u00e9pondre \u00e0 tous les besoins de nos clients.<\/p>\n<p><strong> Nous nous sp\u00e9cialisons dans l\u2019\u00eele de Montr\u00e9al-Ouest, mais ne sommes pas limit\u00e9s \u00e0 celle-ci. <\/strong><\/p>\n<h4>NOUS SOMMES VOTRE PARTENAIRE STRAT\u00c9GIQUE.<\/h4>\n<p>L&rsquo;achat ou la vente d&rsquo;une propri\u00e9t\u00e9 est souvent la plus grande transaction financi\u00e8re que vous puissiez r\u00e9aliser. Vous voulez travailler avec des courtiers immobiliers qui comprennent vos besoins, qui se soucient de faire un bon travail et qui connaissent parfaitement l\u2019entreprise.<\/p>\n<p>Au fil des ans, nous avons travaill\u00e9 dur pour former une \u00e9quipe de professionnels de l\u2019immobilier provenant de diff\u00e9rents horizons, chacun ayant ses propres atouts. Le r\u00e9sultat est un groupe d\u2019immobilier \u00e0 service complet qui peut vous aider dans tous les aspects de votre transaction immobili\u00e8re, qu\u2019il soit r\u00e9sidentiel ou commercial, qu\u2019il soit acheteur ou vendeur.<\/p>\n<p>Lorsque nous d\u00e9cidons de travailler ensemble, vous b\u00e9n\u00e9ficierez de plus de 30 ans d&rsquo;exp\u00e9rience professionnelle combin\u00e9e. Nous travaillerons avec vous \u00e0 chaque \u00e9tape pour que le processus se d\u00e9roule sans heurts et que vous ayez la meilleure exp\u00e9rience possible.<\/p>\n<h4>NOUS ALLONS AU-DEL\u00c0 DE LA TRANSACTION.<\/h4>\n<p>Plus qu&rsquo;une \u00e9quipe de courtiers immobiliers, vous pouvez toujours compter sur nous pour des conseils, des services et des r\u00e9f\u00e9rences.<br \/>\n<strong> Nos clients appr\u00e9cient: <\/strong><\/p>\n<ul class=\"disc\" type=\"disc\">\n<li><strong> Services de mise en sc\u00e8ne professionnelle. <\/strong> La d\u00e9cision d\u2019acheter une maison est souvent prise dans les deux premi\u00e8res minutes d\u2019une visite, il est donc extr\u00eamement important de faire une bonne premi\u00e8re impression lorsque vous essayez de vendre votre maison. . Notre appareil professionnel vous aidera \u00e0 am\u00e9nager votre espace de vie de mani\u00e8re \u00e0 augmenter les offres.<\/li>\n<li><strong> Examen de la propri\u00e9t\u00e9. <\/strong> Gr\u00e2ce \u00e0 notre expertise en mati\u00e8re de construction, nous pouvons vous aider \u00e0 d\u00e9terminer les am\u00e9liorations \u00e0 effectuer avant d\u2019inscrire votre maison ou les probl\u00e8mes que vous pourriez rencontrer dans une maison que vous envisagez d\u2019acheter.<\/li>\n<li><strong> Une \u00e9valuation de march\u00e9 approfondie. <\/strong> Que vous achetiez ou vendiez, il est essentiel de conna\u00eetre les conditions actuelles du march\u00e9. Une bonne offre vous fera gagner du temps dans les n\u00e9gociations, tandis qu&rsquo;une maison bien vendue se vendra plus vite.<\/li>\n<li><strong> Une strat\u00e9gie marketing compl\u00e8te. <\/strong> Votre maison peut sembler belle et \u00eatre bien \u00e9valu\u00e9e, mais si les acheteurs ne la voient pas, elle ne vendra pas. Nous disposons d&rsquo;un r\u00e9seau \u00e9tendu d&rsquo;acheteurs potentiels et nous utilisons des techniques de marketing \u00e9prouv\u00e9es pour atteindre le plus grand nombre de prospects.<\/li>\n<li><strong> Notre service de conciergerie. <\/strong> Le processus de pr\u00e9paration de votre maison \u00e0 la vente, \u00e0 l&#8217;emballage et au d\u00e9m\u00e9nagement peut \u00eatre accablant. Nous fournissons des listes de contr\u00f4le d\u00e9taill\u00e9es et des informations pr\u00e9cieuses pour vous faciliter la t\u00e2che.<\/li>\n<li><strong> Notre r\u00e9seau de r\u00e9f\u00e9rence expert. <\/strong> Nous avons un vaste r\u00e9seau de professionnels du commerce que nous avons personnellement s\u00e9lectionn\u00e9s et que nous serons ravis de partager avec vous lorsque vient le temps de faire des r\u00e9parations, des mises \u00e0 niveau ou des r\u00e9novations \u00e0 votre domicile.<\/li>\n<\/ul>\n<p>Nous croyons que nous sommes mieux ensemble et nos r\u00e9sultats parlent d\u2019eux-m\u00eames. Nos inscriptions et nos ventes ont augment\u00e9 d&rsquo;ann\u00e9e en ann\u00e9e, nos courtiers gagnent constamment des prix de performance et, plus important encore, nos clients sont satisfaits de leurs exp\u00e9riences et heureux de nous r\u00e9f\u00e9rer \u00e0 leurs amis et \u00e0 leur famille.<\/p>\n<p><strong> Nous sommes impatients de travailler avec vous. <\/strong><\/p>\n<div class=\"btn-group flex-column flex-lg-row w-100 mt-5 justify-content-center\" role=\"group\">\n\t<a class=\"btn mr-3\" href=\"\/fr\/awards-achievements\/\">Prix &amp; R\u00e9alisations <\/a><br \/>\n\t<a class=\"btn\" href=\"\/fr\/temoignages\/\" rel=\"noopener noreferrer\"> Clients satisfaits<\/a><\/div>\n","protected":false},"excerpt":{"rendered":"<p>\u00c9quipe Campbell-Cornoni est une \u00e9quipe immobili\u00e8re offrant des services complets et compos\u00e9e de professionnels de l\u2019immobilier de divers horizons et chacun ayant ses propres forces. Nous sommes fiers d&rsquo;\u00eatre une \u00e9quipe v\u00e9ritablement \u00e0 service complet, capable de r\u00e9pondre \u00e0 tous les besoins de nos clients. Nous nous sp\u00e9cialisons dans l\u2019\u00eele de Montr\u00e9al-Ouest, mais ne sommes [&hellip;]<\/p>\n","protected":false},"author":1,"featured_media":0,"parent":0,"menu_order":0,"comment_status":"closed","ping_status":"closed","template":"template-innerpage.php","meta":{"_acf_changed":false,"footnotes":""},"class_list":["post-818","page","type-page","status-publish","hentry"],"acf":[],"yoast_head":"<!-- This site is optimized with the Yoast SEO plugin v27.4 - https:\/\/yoast.com\/product\/yoast-seo-wordpress\/ -->\n<title>Notre Mission - Team CC Equipe Campbell-Cornoni | Courtiers Immobillier | Royal LePage Village<\/title>\n<meta name=\"robots\" content=\"index, follow, max-snippet:-1, max-image-preview:large, max-video-preview:-1\" \/>\n<link rel=\"canonical\" href=\"http:\/\/teamcc.ca\/fr\/notre-mission\/\" \/>\n<meta property=\"og:locale\" content=\"fr_FR\" \/>\n<meta property=\"og:type\" content=\"article\" \/>\n<meta property=\"og:title\" content=\"Notre Mission - Team CC Equipe Campbell-Cornoni | Courtiers Immobillier | Royal LePage Village\" \/>\n<meta property=\"og:description\" content=\"\u00c9quipe Campbell-Cornoni est une \u00e9quipe immobili\u00e8re offrant des services complets et compos\u00e9e de professionnels de l\u2019immobilier de divers horizons et chacun ayant ses propres forces. Nous sommes fiers d&rsquo;\u00eatre une \u00e9quipe v\u00e9ritablement \u00e0 service complet, capable de r\u00e9pondre \u00e0 tous les besoins de nos clients. Nous nous sp\u00e9cialisons dans l\u2019\u00eele de Montr\u00e9al-Ouest, mais ne sommes [&hellip;]\" \/>\n<meta property=\"og:url\" content=\"http:\/\/teamcc.ca\/fr\/notre-mission\/\" \/>\n<meta property=\"og:site_name\" content=\"Team CC\" \/>\n<meta property=\"article:publisher\" content=\"https:\/\/www.facebook.com\/EquipeTeamCC\/\" \/>\n<meta property=\"article:modified_time\" content=\"2020-05-15T18:16:19+00:00\" \/>\n<meta property=\"og:image\" content=\"http:\/\/teamcc.ca\/wp-content\/uploads\/2020\/03\/og.png\" \/>\n\t<meta property=\"og:image:width\" content=\"1920\" \/>\n\t<meta property=\"og:image:height\" content=\"1080\" \/>\n\t<meta property=\"og:image:type\" content=\"image\/png\" \/>\n<meta name=\"twitter:card\" content=\"summary_large_image\" \/>\n<meta name=\"twitter:label1\" content=\"Dur\u00e9e de lecture estim\u00e9e\" \/>\n\t<meta name=\"twitter:data1\" content=\"3 minutes\" \/>\n<script type=\"application\/ld+json\" class=\"yoast-schema-graph\">{\"@context\":\"https:\\\/\\\/schema.org\",\"@graph\":[{\"@type\":\"WebPage\",\"@id\":\"http:\\\/\\\/teamcc.ca\\\/fr\\\/notre-mission\\\/\",\"url\":\"http:\\\/\\\/teamcc.ca\\\/fr\\\/notre-mission\\\/\",\"name\":\"Notre Mission - Team CC Equipe Campbell-Cornoni | Courtiers Immobillier | Royal LePage Village\",\"isPartOf\":{\"@id\":\"http:\\\/\\\/teamcc.ca\\\/fr\\\/#website\"},\"datePublished\":\"2018-05-25T10:09:10+00:00\",\"dateModified\":\"2020-05-15T18:16:19+00:00\",\"breadcrumb\":{\"@id\":\"http:\\\/\\\/teamcc.ca\\\/fr\\\/notre-mission\\\/#breadcrumb\"},\"inLanguage\":\"fr-FR\",\"potentialAction\":[{\"@type\":\"ReadAction\",\"target\":[\"http:\\\/\\\/teamcc.ca\\\/fr\\\/notre-mission\\\/\"]}]},{\"@type\":\"BreadcrumbList\",\"@id\":\"http:\\\/\\\/teamcc.ca\\\/fr\\\/notre-mission\\\/#breadcrumb\",\"itemListElement\":[{\"@type\":\"ListItem\",\"position\":1,\"name\":\"Home\",\"item\":\"http:\\\/\\\/teamcc.ca\\\/fr\\\/\"},{\"@type\":\"ListItem\",\"position\":2,\"name\":\"Notre Mission\"}]},{\"@type\":\"WebSite\",\"@id\":\"http:\\\/\\\/teamcc.ca\\\/fr\\\/#website\",\"url\":\"http:\\\/\\\/teamcc.ca\\\/fr\\\/\",\"name\":\"Team CC\",\"description\":\"\",\"publisher\":{\"@id\":\"http:\\\/\\\/teamcc.ca\\\/fr\\\/#organization\"},\"potentialAction\":[{\"@type\":\"SearchAction\",\"target\":{\"@type\":\"EntryPoint\",\"urlTemplate\":\"http:\\\/\\\/teamcc.ca\\\/fr\\\/?s={search_term_string}\"},\"query-input\":{\"@type\":\"PropertyValueSpecification\",\"valueRequired\":true,\"valueName\":\"search_term_string\"}}],\"inLanguage\":\"fr-FR\"},{\"@type\":\"Organization\",\"@id\":\"http:\\\/\\\/teamcc.ca\\\/fr\\\/#organization\",\"name\":\"Team CC\",\"url\":\"http:\\\/\\\/teamcc.ca\\\/fr\\\/\",\"logo\":{\"@type\":\"ImageObject\",\"inLanguage\":\"fr-FR\",\"@id\":\"http:\\\/\\\/teamcc.ca\\\/fr\\\/#\\\/schema\\\/logo\\\/image\\\/\",\"url\":\"http:\\\/\\\/teamcc.ca\\\/wp-content\\\/uploads\\\/2021\\\/01\\\/CC-realty_logo_White_clean-e1611005374794.png\",\"contentUrl\":\"http:\\\/\\\/teamcc.ca\\\/wp-content\\\/uploads\\\/2021\\\/01\\\/CC-realty_logo_White_clean-e1611005374794.png\",\"width\":732,\"height\":737,\"caption\":\"Team CC\"},\"image\":{\"@id\":\"http:\\\/\\\/teamcc.ca\\\/fr\\\/#\\\/schema\\\/logo\\\/image\\\/\"},\"sameAs\":[\"https:\\\/\\\/www.facebook.com\\\/EquipeTeamCC\\\/\",\"https:\\\/\\\/www.instagram.com\\\/equipe_team_cc\\\/\"]}]}<\/script>\n<!-- \/ Yoast SEO plugin. -->","yoast_head_json":{"title":"Notre Mission - Team CC Equipe Campbell-Cornoni | Courtiers Immobillier | Royal LePage Village","robots":{"index":"index","follow":"follow","max-snippet":"max-snippet:-1","max-image-preview":"max-image-preview:large","max-video-preview":"max-video-preview:-1"},"canonical":"http:\/\/teamcc.ca\/fr\/notre-mission\/","og_locale":"fr_FR","og_type":"article","og_title":"Notre Mission - Team CC Equipe Campbell-Cornoni | Courtiers Immobillier | Royal LePage Village","og_description":"\u00c9quipe Campbell-Cornoni est une \u00e9quipe immobili\u00e8re offrant des services complets et compos\u00e9e de professionnels de l\u2019immobilier de divers horizons et chacun ayant ses propres forces. Nous sommes fiers d&rsquo;\u00eatre une \u00e9quipe v\u00e9ritablement \u00e0 service complet, capable de r\u00e9pondre \u00e0 tous les besoins de nos clients. Nous nous sp\u00e9cialisons dans l\u2019\u00eele de Montr\u00e9al-Ouest, mais ne sommes [&hellip;]","og_url":"http:\/\/teamcc.ca\/fr\/notre-mission\/","og_site_name":"Team CC","article_publisher":"https:\/\/www.facebook.com\/EquipeTeamCC\/","article_modified_time":"2020-05-15T18:16:19+00:00","og_image":[{"width":1920,"height":1080,"url":"http:\/\/teamcc.ca\/wp-content\/uploads\/2020\/03\/og.png","type":"image\/png"}],"twitter_card":"summary_large_image","twitter_misc":{"Dur\u00e9e de lecture estim\u00e9e":"3 minutes"},"schema":{"@context":"https:\/\/schema.org","@graph":[{"@type":"WebPage","@id":"http:\/\/teamcc.ca\/fr\/notre-mission\/","url":"http:\/\/teamcc.ca\/fr\/notre-mission\/","name":"Notre Mission - Team CC Equipe Campbell-Cornoni | Courtiers Immobillier | Royal LePage Village","isPartOf":{"@id":"http:\/\/teamcc.ca\/fr\/#website"},"datePublished":"2018-05-25T10:09:10+00:00","dateModified":"2020-05-15T18:16:19+00:00","breadcrumb":{"@id":"http:\/\/teamcc.ca\/fr\/notre-mission\/#breadcrumb"},"inLanguage":"fr-FR","potentialAction":[{"@type":"ReadAction","target":["http:\/\/teamcc.ca\/fr\/notre-mission\/"]}]},{"@type":"BreadcrumbList","@id":"http:\/\/teamcc.ca\/fr\/notre-mission\/#breadcrumb","itemListElement":[{"@type":"ListItem","position":1,"name":"Home","item":"http:\/\/teamcc.ca\/fr\/"},{"@type":"ListItem","position":2,"name":"Notre Mission"}]},{"@type":"WebSite","@id":"http:\/\/teamcc.ca\/fr\/#website","url":"http:\/\/teamcc.ca\/fr\/","name":"Team CC","description":"","publisher":{"@id":"http:\/\/teamcc.ca\/fr\/#organization"},"potentialAction":[{"@type":"SearchAction","target":{"@type":"EntryPoint","urlTemplate":"http:\/\/teamcc.ca\/fr\/?s={search_term_string}"},"query-input":{"@type":"PropertyValueSpecification","valueRequired":true,"valueName":"search_term_string"}}],"inLanguage":"fr-FR"},{"@type":"Organization","@id":"http:\/\/teamcc.ca\/fr\/#organization","name":"Team CC","url":"http:\/\/teamcc.ca\/fr\/","logo":{"@type":"ImageObject","inLanguage":"fr-FR","@id":"http:\/\/teamcc.ca\/fr\/#\/schema\/logo\/image\/","url":"http:\/\/teamcc.ca\/wp-content\/uploads\/2021\/01\/CC-realty_logo_White_clean-e1611005374794.png","contentUrl":"http:\/\/teamcc.ca\/wp-content\/uploads\/2021\/01\/CC-realty_logo_White_clean-e1611005374794.png","width":732,"height":737,"caption":"Team CC"},"image":{"@id":"http:\/\/teamcc.ca\/fr\/#\/schema\/logo\/image\/"},"sameAs":["https:\/\/www.facebook.com\/EquipeTeamCC\/","https:\/\/www.instagram.com\/equipe_team_cc\/"]}]}},"_links":{"self":[{"href":"http:\/\/teamcc.ca\/fr\/wp-json\/wp\/v2\/pages\/818","targetHints":{"allow":["GET"]}}],"collection":[{"href":"http:\/\/teamcc.ca\/fr\/wp-json\/wp\/v2\/pages"}],"about":[{"href":"http:\/\/teamcc.ca\/fr\/wp-json\/wp\/v2\/types\/page"}],"author":[{"embeddable":true,"href":"http:\/\/teamcc.ca\/fr\/wp-json\/wp\/v2\/users\/1"}],"replies":[{"embeddable":true,"href":"http:\/\/teamcc.ca\/fr\/wp-json\/wp\/v2\/comments?post=818"}],"version-history":[{"count":12,"href":"http:\/\/teamcc.ca\/fr\/wp-json\/wp\/v2\/pages\/818\/revisions"}],"predecessor-version":[{"id":2119,"href":"http:\/\/teamcc.ca\/fr\/wp-json\/wp\/v2\/pages\/818\/revisions\/2119"}],"wp:attachment":[{"href":"http:\/\/teamcc.ca\/fr\/wp-json\/wp\/v2\/media?parent=818"}],"curies":[{"name":"wp","href":"https:\/\/api.w.org\/{rel}","templated":true}]}}