{"id":796,"date":"2018-05-25T10:05:43","date_gmt":"2018-05-25T10:05:43","guid":{"rendered":"http:\/\/wecreatedesign.co\/dev\/WP\/campbell\/?page_id=796"},"modified":"2020-06-01T16:50:29","modified_gmt":"2020-06-01T16:50:29","slug":"iguide","status":"publish","type":"page","link":"http:\/\/teamcc.ca\/fr\/iguide\/","title":{"rendered":"iGuide"},"content":{"rendered":"<p><a href=\"https:\/\/goiguide.com\/\"> <img loading=\"lazy\" decoding=\"async\" class=\"alignright size-full wp-image-453\" src=\"https:\/\/teamcc.ca\/wp-content\/uploads\/2018\/04\/iguideR_25.png\" alt=\"\" width=\"137\" height=\"25\" \/> <\/a><\/p>\n<p>L\u2019ultime outil d\u2019inscription en 3D pour l\u2019immobilier! Avec les visites virtuelles de propri\u00e9t\u00e9 iGuide, les acheteurs ne voient pas simplement une maison, ils se voient vivre dedans! Nos visites virtuelles en 3D ouvrent nos inscriptions \u00e0 un nombre illimit\u00e9 d\u2019acheteurs, partout dans le monde. iGuide permet \u00e0 l\u2019acheteur de vivre l\u2019exp\u00e9rience de votre propri\u00e9t\u00e9 dans les moindres d\u00e9tails, comme s\u2019il entrait par la porte d\u2019en avant.<\/p>\n<div class=\"embed-responsive embed-responsive-16by9\"><iframe class=\"embed-responsive-item\" src=\"https:\/\/youriguide.com\/195_av_elm_beaconsfield_qc\/\"><\/iframe><\/div>\n<div class=\"embed-responsive embed-responsive-16by9\"><iframe class=\"embed-responsive-item\" src=\"https:\/\/youriguide.com\/107_avenue_des_vinaigriers_montr_al_qc\"><\/iframe><\/div>\n\n\n<p><a rel=\"noreferrer noopener\" class=\"btn\" href=\"https:\/\/goiguide.com\/showcase\" target=\"_blank\">En Savoir Plus<\/a><\/p>\n","protected":false},"excerpt":{"rendered":"<p>L\u2019ultime outil d\u2019inscription en 3D pour l\u2019immobilier! Avec les visites virtuelles de propri\u00e9t\u00e9 iGuide, les acheteurs ne voient pas simplement une maison, ils se voient vivre dedans! Nos visites virtuelles en 3D ouvrent nos inscriptions \u00e0 un nombre illimit\u00e9 d\u2019acheteurs, partout dans le monde. iGuide permet \u00e0 l\u2019acheteur de vivre l\u2019exp\u00e9rience de votre propri\u00e9t\u00e9 dans [&hellip;]<\/p>\n","protected":false},"author":1,"featured_media":0,"parent":0,"menu_order":63,"comment_status":"closed","ping_status":"closed","template":"template-innerpage.php","meta":{"_acf_changed":false,"footnotes":""},"class_list":["post-796","page","type-page","status-publish","hentry"],"acf":[],"yoast_head":"<!-- This site is optimized with the Yoast SEO plugin v27.4 - https:\/\/yoast.com\/product\/yoast-seo-wordpress\/ -->\n<title>iGuide - Team CC Equipe Campbell-Cornoni | Courtiers Immobillier | Royal LePage Village<\/title>\n<meta name=\"robots\" content=\"index, follow, max-snippet:-1, max-image-preview:large, max-video-preview:-1\" \/>\n<link rel=\"canonical\" href=\"http:\/\/teamcc.ca\/fr\/iguide\/\" \/>\n<meta property=\"og:locale\" content=\"fr_FR\" \/>\n<meta property=\"og:type\" content=\"article\" \/>\n<meta property=\"og:title\" content=\"iGuide - Team CC Equipe Campbell-Cornoni | Courtiers Immobillier | Royal LePage Village\" \/>\n<meta property=\"og:description\" content=\"L\u2019ultime outil d\u2019inscription en 3D pour l\u2019immobilier! Avec les visites virtuelles de propri\u00e9t\u00e9 iGuide, les acheteurs ne voient pas simplement une maison, ils se voient vivre dedans! Nos visites virtuelles en 3D ouvrent nos inscriptions \u00e0 un nombre illimit\u00e9 d\u2019acheteurs, partout dans le monde. iGuide permet \u00e0 l\u2019acheteur de vivre l\u2019exp\u00e9rience de votre propri\u00e9t\u00e9 dans [&hellip;]\" \/>\n<meta property=\"og:url\" content=\"http:\/\/teamcc.ca\/fr\/iguide\/\" \/>\n<meta property=\"og:site_name\" content=\"Team CC\" \/>\n<meta property=\"article:publisher\" content=\"https:\/\/www.facebook.com\/EquipeTeamCC\/\" \/>\n<meta property=\"article:modified_time\" content=\"2020-06-01T16:50:29+00:00\" \/>\n<meta property=\"og:image\" content=\"https:\/\/teamcc.ca\/wp-content\/uploads\/2018\/04\/iguideR_25.png\" \/>\n<meta name=\"twitter:card\" content=\"summary_large_image\" \/>\n<script type=\"application\/ld+json\" class=\"yoast-schema-graph\">{\"@context\":\"https:\\\/\\\/schema.org\",\"@graph\":[{\"@type\":\"WebPage\",\"@id\":\"http:\\\/\\\/teamcc.ca\\\/fr\\\/iguide\\\/\",\"url\":\"http:\\\/\\\/teamcc.ca\\\/fr\\\/iguide\\\/\",\"name\":\"iGuide - Team CC Equipe Campbell-Cornoni | Courtiers Immobillier | Royal LePage Village\",\"isPartOf\":{\"@id\":\"https:\\\/\\\/teamcc.ca\\\/fr\\\/#website\"},\"primaryImageOfPage\":{\"@id\":\"http:\\\/\\\/teamcc.ca\\\/fr\\\/iguide\\\/#primaryimage\"},\"image\":{\"@id\":\"http:\\\/\\\/teamcc.ca\\\/fr\\\/iguide\\\/#primaryimage\"},\"thumbnailUrl\":\"https:\\\/\\\/teamcc.ca\\\/wp-content\\\/uploads\\\/2018\\\/04\\\/iguideR_25.png\",\"datePublished\":\"2018-05-25T10:05:43+00:00\",\"dateModified\":\"2020-06-01T16:50:29+00:00\",\"breadcrumb\":{\"@id\":\"http:\\\/\\\/teamcc.ca\\\/fr\\\/iguide\\\/#breadcrumb\"},\"inLanguage\":\"fr-FR\",\"potentialAction\":[{\"@type\":\"ReadAction\",\"target\":[\"http:\\\/\\\/teamcc.ca\\\/fr\\\/iguide\\\/\"]}]},{\"@type\":\"ImageObject\",\"inLanguage\":\"fr-FR\",\"@id\":\"http:\\\/\\\/teamcc.ca\\\/fr\\\/iguide\\\/#primaryimage\",\"url\":\"https:\\\/\\\/teamcc.ca\\\/wp-content\\\/uploads\\\/2018\\\/04\\\/iguideR_25.png\",\"contentUrl\":\"https:\\\/\\\/teamcc.ca\\\/wp-content\\\/uploads\\\/2018\\\/04\\\/iguideR_25.png\"},{\"@type\":\"BreadcrumbList\",\"@id\":\"http:\\\/\\\/teamcc.ca\\\/fr\\\/iguide\\\/#breadcrumb\",\"itemListElement\":[{\"@type\":\"ListItem\",\"position\":1,\"name\":\"Home\",\"item\":\"https:\\\/\\\/teamcc.ca\\\/fr\\\/\"},{\"@type\":\"ListItem\",\"position\":2,\"name\":\"iGuide\"}]},{\"@type\":\"WebSite\",\"@id\":\"https:\\\/\\\/teamcc.ca\\\/fr\\\/#website\",\"url\":\"https:\\\/\\\/teamcc.ca\\\/fr\\\/\",\"name\":\"Team CC\",\"description\":\"\",\"publisher\":{\"@id\":\"https:\\\/\\\/teamcc.ca\\\/fr\\\/#organization\"},\"potentialAction\":[{\"@type\":\"SearchAction\",\"target\":{\"@type\":\"EntryPoint\",\"urlTemplate\":\"https:\\\/\\\/teamcc.ca\\\/fr\\\/?s={search_term_string}\"},\"query-input\":{\"@type\":\"PropertyValueSpecification\",\"valueRequired\":true,\"valueName\":\"search_term_string\"}}],\"inLanguage\":\"fr-FR\"},{\"@type\":\"Organization\",\"@id\":\"https:\\\/\\\/teamcc.ca\\\/fr\\\/#organization\",\"name\":\"Team CC\",\"url\":\"https:\\\/\\\/teamcc.ca\\\/fr\\\/\",\"logo\":{\"@type\":\"ImageObject\",\"inLanguage\":\"fr-FR\",\"@id\":\"https:\\\/\\\/teamcc.ca\\\/fr\\\/#\\\/schema\\\/logo\\\/image\\\/\",\"url\":\"http:\\\/\\\/teamcc.ca\\\/wp-content\\\/uploads\\\/2021\\\/01\\\/CC-realty_logo_White_clean-e1611005374794.png\",\"contentUrl\":\"http:\\\/\\\/teamcc.ca\\\/wp-content\\\/uploads\\\/2021\\\/01\\\/CC-realty_logo_White_clean-e1611005374794.png\",\"width\":732,\"height\":737,\"caption\":\"Team CC\"},\"image\":{\"@id\":\"https:\\\/\\\/teamcc.ca\\\/fr\\\/#\\\/schema\\\/logo\\\/image\\\/\"},\"sameAs\":[\"https:\\\/\\\/www.facebook.com\\\/EquipeTeamCC\\\/\",\"https:\\\/\\\/www.instagram.com\\\/equipe_team_cc\\\/\"]}]}<\/script>\n<!-- \/ Yoast SEO plugin. -->","yoast_head_json":{"title":"iGuide - Team CC Equipe Campbell-Cornoni | Courtiers Immobillier | Royal LePage Village","robots":{"index":"index","follow":"follow","max-snippet":"max-snippet:-1","max-image-preview":"max-image-preview:large","max-video-preview":"max-video-preview:-1"},"canonical":"http:\/\/teamcc.ca\/fr\/iguide\/","og_locale":"fr_FR","og_type":"article","og_title":"iGuide - Team CC Equipe Campbell-Cornoni | Courtiers Immobillier | Royal LePage Village","og_description":"L\u2019ultime outil d\u2019inscription en 3D pour l\u2019immobilier! Avec les visites virtuelles de propri\u00e9t\u00e9 iGuide, les acheteurs ne voient pas simplement une maison, ils se voient vivre dedans! Nos visites virtuelles en 3D ouvrent nos inscriptions \u00e0 un nombre illimit\u00e9 d\u2019acheteurs, partout dans le monde. iGuide permet \u00e0 l\u2019acheteur de vivre l\u2019exp\u00e9rience de votre propri\u00e9t\u00e9 dans [&hellip;]","og_url":"http:\/\/teamcc.ca\/fr\/iguide\/","og_site_name":"Team CC","article_publisher":"https:\/\/www.facebook.com\/EquipeTeamCC\/","article_modified_time":"2020-06-01T16:50:29+00:00","og_image":[{"url":"https:\/\/teamcc.ca\/wp-content\/uploads\/2018\/04\/iguideR_25.png","type":"","width":"","height":""}],"twitter_card":"summary_large_image","schema":{"@context":"https:\/\/schema.org","@graph":[{"@type":"WebPage","@id":"http:\/\/teamcc.ca\/fr\/iguide\/","url":"http:\/\/teamcc.ca\/fr\/iguide\/","name":"iGuide - Team CC Equipe Campbell-Cornoni | Courtiers Immobillier | Royal LePage Village","isPartOf":{"@id":"https:\/\/teamcc.ca\/fr\/#website"},"primaryImageOfPage":{"@id":"http:\/\/teamcc.ca\/fr\/iguide\/#primaryimage"},"image":{"@id":"http:\/\/teamcc.ca\/fr\/iguide\/#primaryimage"},"thumbnailUrl":"https:\/\/teamcc.ca\/wp-content\/uploads\/2018\/04\/iguideR_25.png","datePublished":"2018-05-25T10:05:43+00:00","dateModified":"2020-06-01T16:50:29+00:00","breadcrumb":{"@id":"http:\/\/teamcc.ca\/fr\/iguide\/#breadcrumb"},"inLanguage":"fr-FR","potentialAction":[{"@type":"ReadAction","target":["http:\/\/teamcc.ca\/fr\/iguide\/"]}]},{"@type":"ImageObject","inLanguage":"fr-FR","@id":"http:\/\/teamcc.ca\/fr\/iguide\/#primaryimage","url":"https:\/\/teamcc.ca\/wp-content\/uploads\/2018\/04\/iguideR_25.png","contentUrl":"https:\/\/teamcc.ca\/wp-content\/uploads\/2018\/04\/iguideR_25.png"},{"@type":"BreadcrumbList","@id":"http:\/\/teamcc.ca\/fr\/iguide\/#breadcrumb","itemListElement":[{"@type":"ListItem","position":1,"name":"Home","item":"https:\/\/teamcc.ca\/fr\/"},{"@type":"ListItem","position":2,"name":"iGuide"}]},{"@type":"WebSite","@id":"https:\/\/teamcc.ca\/fr\/#website","url":"https:\/\/teamcc.ca\/fr\/","name":"Team CC","description":"","publisher":{"@id":"https:\/\/teamcc.ca\/fr\/#organization"},"potentialAction":[{"@type":"SearchAction","target":{"@type":"EntryPoint","urlTemplate":"https:\/\/teamcc.ca\/fr\/?s={search_term_string}"},"query-input":{"@type":"PropertyValueSpecification","valueRequired":true,"valueName":"search_term_string"}}],"inLanguage":"fr-FR"},{"@type":"Organization","@id":"https:\/\/teamcc.ca\/fr\/#organization","name":"Team CC","url":"https:\/\/teamcc.ca\/fr\/","logo":{"@type":"ImageObject","inLanguage":"fr-FR","@id":"https:\/\/teamcc.ca\/fr\/#\/schema\/logo\/image\/","url":"http:\/\/teamcc.ca\/wp-content\/uploads\/2021\/01\/CC-realty_logo_White_clean-e1611005374794.png","contentUrl":"http:\/\/teamcc.ca\/wp-content\/uploads\/2021\/01\/CC-realty_logo_White_clean-e1611005374794.png","width":732,"height":737,"caption":"Team CC"},"image":{"@id":"https:\/\/teamcc.ca\/fr\/#\/schema\/logo\/image\/"},"sameAs":["https:\/\/www.facebook.com\/EquipeTeamCC\/","https:\/\/www.instagram.com\/equipe_team_cc\/"]}]}},"_links":{"self":[{"href":"http:\/\/teamcc.ca\/fr\/wp-json\/wp\/v2\/pages\/796","targetHints":{"allow":["GET"]}}],"collection":[{"href":"http:\/\/teamcc.ca\/fr\/wp-json\/wp\/v2\/pages"}],"about":[{"href":"http:\/\/teamcc.ca\/fr\/wp-json\/wp\/v2\/types\/page"}],"author":[{"embeddable":true,"href":"http:\/\/teamcc.ca\/fr\/wp-json\/wp\/v2\/users\/1"}],"replies":[{"embeddable":true,"href":"http:\/\/teamcc.ca\/fr\/wp-json\/wp\/v2\/comments?post=796"}],"version-history":[{"count":14,"href":"http:\/\/teamcc.ca\/fr\/wp-json\/wp\/v2\/pages\/796\/revisions"}],"predecessor-version":[{"id":2160,"href":"http:\/\/teamcc.ca\/fr\/wp-json\/wp\/v2\/pages\/796\/revisions\/2160"}],"wp:attachment":[{"href":"http:\/\/teamcc.ca\/fr\/wp-json\/wp\/v2\/media?parent=796"}],"curies":[{"name":"wp","href":"https:\/\/api.w.org\/{rel}","templated":true}]}}